{"id":2670,"date":"2022-10-26T10:42:40","date_gmt":"2022-10-26T08:42:40","guid":{"rendered":"https:\/\/camping-avignon.fr\/the-camping-lodges-and-nature-in-avignon\/"},"modified":"2025-02-15T19:31:59","modified_gmt":"2025-02-15T18:31:59","slug":"the-camping-lodges-and-nature-in-avignon","status":"publish","type":"page","link":"https:\/\/camping-avignon.fr\/en\/the-camping-lodges-and-nature-in-avignon\/","title":{"rendered":"The Camping Lodges and Nature in Avignon"},"content":{"rendered":"<div class=\"wpb-content-wrapper\"><p>[vc_row][vc_column icons_position=&#8221;left&#8221;]<div id=\"sc_title_801909085\"\r\n\t\tclass=\"sc_title color_style_default sc_title_default\"><h1 class=\"sc_item_title sc_title_title sc_align_center sc_item_title_style_default sc_item_title_tag\">The Campsite Les 2 Rh\u00f4ne<\/h1><h3 class=\"sc_item_subtitle sc_title_subtitle sc_align_center sc_item_title_style_default\">At the heart of the Provence in Avignon<\/h3><\/div><!-- \/.sc_title -->[vc_empty_space height=&#8221;22px&#8221; hide_on_desktop=&#8221;&#8221; hide_on_notebook=&#8221;&#8221; hide_on_tablet=&#8221;&#8221; hide_on_mobile=&#8221;&#8221;][vc_column_text]<\/p>\n<h4 style=\"text-align: center;\">Need to relax in a pleasant and natural setting?<br \/>\nCamping Les 2 Rh\u00f4ne by Lodges &amp; Nature is ideal for your vacationing!<br \/>\nSitu\u00e9 \u00e0 Avignon en bord du Rh\u00f4ne, votre camping Les 2 Rh\u00f4ne vous accueille pour un s\u00e9jour de r\u00eave sur 3 hectares de verdure ombrag\u00e9.Located in Avignon on the banks of the Rh\u00f4ne, a dream stay on 700 hectares of shaded greenery.<\/h4>\n<p>[\/vc_column_text][vc_empty_space height=&#8221;22px&#8221; hide_on_desktop=&#8221;&#8221; hide_on_notebook=&#8221;&#8221; hide_on_tablet=&#8221;&#8221; hide_on_mobile=&#8221;&#8221;][vc_column_text]<\/p>\n<p style=\"text-align: center;\">Come and take a breath of fresh air and enjoy all the <strong>services<\/strong> of your campsite on the banks of the Rh\u00f4ne <strong>in the heart of Provence<\/strong>. Located in the nature of the Barthelasse and close to the historic center of the <strong>City of the Popes<\/strong>, you can relax, <strong>enjoy the warmth of the sun but also all the activities that our region can offer you<\/strong>.<\/p>\n<h4 style=\"text-align: center;\">The campsite welcomes you from all year round in a family and friendly setting in the heart of one of the most beautiful regions of France!<\/h4>\n<p style=\"text-align: center;\">A stone&#8217;s throw from the <strong><a href=\"https:\/\/www.palais-des-papes.com\/fr\" target=\"_blank\" rel=\"noopener\">Palais des Papes<\/a><\/strong>, and close to the <a href=\"https:\/\/www.parc-spirou.com\" target=\"_blank\" rel=\"noopener\"><strong>Spirou Provence Park<\/strong><\/a> and the <a href=\"https:\/\/www.waveisland.fr\/\" target=\"_blank\" rel=\"noopener\"><strong>WAVE ISLAND Water Park<\/strong><\/a>, the Les 2 Rhones campsite offers quick access to all the remarkable sites to see and activities to discover!<\/p>\n<p>[\/vc_column_text][vc_empty_space height=&#8221;22px&#8221; hide_on_desktop=&#8221;&#8221; hide_on_notebook=&#8221;&#8221; hide_on_tablet=&#8221;&#8221; hide_on_mobile=&#8221;&#8221;]<div class=\"sc_item_button sc_button_wrap sc_align_center\"><a href=\"https:\/\/www.sydevnet3.com\/LodgeNature\/EN\/reservation.php\" id=\"sc_button_941351949\" class=\"sc_button color_style_default sc_button_default sc_button_size_normal sc_button_icon_left\"><span class=\"sc_button_text sc_align_center\"><span class=\"sc_button_title\">Book now!<\/span><\/span><!-- \/.sc_button_text --><\/a><!-- \/.sc_button --><\/div><!-- \/.sc_item_button -->[vc_separator color=&#8221;custom&#8221; style=&#8221;dotted&#8221; border_width=&#8221;4&#8243; el_width=&#8221;80&#8243; accent_color=&#8221;#96bd21&#8243;][\/vc_column][\/vc_row][vc_row el_id=&#8221;infos&#8221;][vc_column icons_position=&#8221;left&#8221;]<div id=\"sc_title_434682640\"\r\n\t\tclass=\"sc_title color_style_default sc_title_default\"><h2 class=\"sc_item_title sc_title_title sc_align_center sc_item_title_style_default sc_item_title_tag\">Useful information<\/h2><\/div><!-- \/.sc_title -->[vc_empty_space height=&#8221;40px&#8221; hide_on_desktop=&#8221;&#8221; hide_on_notebook=&#8221;&#8221; hide_on_tablet=&#8221;&#8221; hide_on_mobile=&#8221;&#8221;][\/vc_column][\/vc_row][vc_row][vc_column width=&#8221;1\/2&#8243; icons_position=&#8221;left&#8221;]<div id=\"sc_title_1934119241\"\r\n\t\tclass=\"sc_title color_style_default sc_title_default\"><h3 class=\"sc_item_title sc_title_title sc_align_center sc_item_title_style_default sc_item_title_tag\">Opening hours<\/h3><h3 class=\"sc_item_subtitle sc_title_subtitle sc_align_center sc_item_title_style_default\">For the Campsite<\/h3><\/div><!-- \/.sc_title -->[vc_empty_space height=&#8221;22px&#8221; hide_on_desktop=&#8221;&#8221; hide_on_notebook=&#8221;&#8221; hide_on_tablet=&#8221;&#8221; hide_on_mobile=&#8221;&#8221;]<div id=\"sc_table_1814831007_wrap\" class=\"sc_table_wrap\"><div id=\"sc_table_1814831007\"\r\n\t\t\tclass=\"sc_table sc_table_default  vc_custom_1683186590247 trx_addons_inline_695745330\"><\/p>\n<table>\n<tbody>\n<tr>\n<th style=\"text-align: center;\"><\/th>\n<th style=\"text-align: center;\">Opening<\/th>\n<\/tr>\n<tr>\n<td style=\"text-align: center;\"><strong>The reception<\/strong><\/td>\n<td style=\"text-align: center;\">9am \u2013 12:30pm and 2:30pm \u2013 7pm<\/td>\n<\/tr>\n<tr>\n<td style=\"text-align: center;\"><strong>The Bar<\/strong><\/td>\n<td style=\"text-align: center;\">8am \u2013 10pm<\/td>\n<\/tr>\n<tr>\n<td style=\"text-align: center;\"><strong>The Gates (vehicles)<\/strong><\/td>\n<td style=\"text-align: center;\">7am \u2013 10:30pm<\/td>\n<\/tr>\n<tr>\n<td style=\"text-align: center;\"><strong>Pedestrian access<\/strong><\/td>\n<td style=\"text-align: center;\">Open 24\/24<\/td>\n<\/tr>\n<tr>\n<td style=\"text-align: center;\"><strong>The Pool<\/strong><\/td>\n<td style=\"text-align: center;\">April \u2013 end of September<\/td>\n<\/tr>\n<tr>\n<td style=\"text-align: center;\"><strong>Playgrounds<\/strong><\/td>\n<td style=\"text-align: center;\">8am -11pm<\/td>\n<\/tr>\n<\/tbody>\n<\/table>\n<p><\/div><\/div><!-- \/.sc_table_wrap -->[\/vc_column][vc_column width=&#8221;1\/2&#8243; icons_position=&#8221;left&#8221;]<div id=\"sc_title_2065820336\"\r\n\t\tclass=\"sc_title color_style_default sc_title_default\"><h3 class=\"sc_item_title sc_title_title sc_align_center sc_item_title_style_default sc_item_title_tag\">How to get here?<\/h3><h3 class=\"sc_item_subtitle sc_title_subtitle sc_align_center sc_item_title_style_default\">Train, bus and car<\/h3><\/div><!-- \/.sc_title -->[vc_empty_space height=&#8221;35px&#8221; alter_height=&#8221;medium&#8221; hide_on_desktop=&#8221;&#8221; hide_on_notebook=&#8221;&#8221; hide_on_tablet=&#8221;&#8221; hide_on_mobile=&#8221;&#8221;][vc_column_text]<\/p>\n<h4>Come by train or bus<\/h4>\n<p><strong>The SNCF station and the bus station<\/strong> are located 10 minutes by car from the campsite Les 2 Rhones &#8211; La Barthelasse 84000 AVIGNON[\/vc_column_text][vc_separator color=&#8221;custom&#8221; align=&#8221;align_left&#8221; style=&#8221;dotted&#8221; border_width=&#8221;4&#8243; el_width=&#8221;80&#8243; accent_color=&#8221;#96bd21&#8243; css=&#8221;.vc_custom_1666866659560{margin-top: 10px !important;margin-bottom: 20px !important;}&#8221;][vc_column_text]<\/p>\n<h4>Come by car<\/h4>\n<p><strong>Coming from Marseille or Nice:<\/strong> A7 exit n\u00b024 AVIGNON SUD<\/p>\n<p><strong>From Valence or Lyon<\/strong>: A7 exit n\u00b023 AVIGNON NORD<\/p>\n<p><strong>From Montpellier, Perpignan or Spain<\/strong>: A9 exit n\u00b023 REMOULINS.<\/p>\n<p><strong>Direction AVIGNON &#8211; L\u2019ile de la Barthelasse<\/strong>[\/vc_column_text][vc_row_inner][vc_column_inner icons_position=&#8221;left&#8221;]<div id=\"sc_icons_1190277481\" \r\n\tclass=\"sc_icons sc_icons_modern sc_icons_size_medium sc_align_left\"><div class=\"sc_icons_item\"><div id=\"sc_icons_1190277481_icon-attention\" class=\"sc_icons_icon sc_icon_type_ icon-attention\"\r\n\t\t\t\t\t\t style=\"color: #96bd21\"\t\t\t\t\t\t><span class=\"sc_icon_type_ icon-attention\" style=\"color: #96bd21\"><\/span><\/div><h4 class=\"sc_icons_item_title\"><span>No motorized traffic between 10.30 p.m. and 7 a.m.<\/span><\/h4><\/div><\/div><!-- \/.sc_icons -->[\/vc_column_inner][\/vc_row_inner][\/vc_column][\/vc_row][vc_row][vc_column icons_position=&#8221;left&#8221;][vc_separator color=&#8221;custom&#8221; style=&#8221;dotted&#8221; border_width=&#8221;4&#8243; el_width=&#8221;80&#8243; accent_color=&#8221;#96bd21&#8243;][\/vc_column][\/vc_row][vc_row][vc_column width=&#8221;1\/2&#8243; icons_position=&#8221;left&#8221;][vc_empty_space height=&#8221;35px&#8221; alter_height=&#8221;small&#8221; hide_on_desktop=&#8221;&#8221; hide_on_notebook=&#8221;&#8221; hide_on_tablet=&#8221;&#8221; hide_on_mobile=&#8221;&#8221;]<div id=\"sc_title_533934466\"\r\n\t\tclass=\"sc_title color_style_default sc_title_default\"><h3 class=\"sc_item_title sc_title_title sc_align_center sc_item_title_style_default sc_item_title_tag\">Campsite Map<\/h3><\/div><!-- \/.sc_title -->[vc_empty_space height=&#8221;35px&#8221; alter_height=&#8221;small&#8221; hide_on_desktop=&#8221;&#8221; hide_on_notebook=&#8221;&#8221; hide_on_tablet=&#8221;&#8221; hide_on_mobile=&#8221;&#8221;][vc_single_image image=&#8221;2628&#8243; img_size=&#8221;full&#8221; onclick=&#8221;img_link_large&#8221; img_link_target=&#8221;_blank&#8221;][\/vc_column][vc_column width=&#8221;1\/2&#8243; icons_position=&#8221;left&#8221;][vc_empty_space height=&#8221;35px&#8221; alter_height=&#8221;small&#8221; hide_on_desktop=&#8221;&#8221; hide_on_notebook=&#8221;&#8221; hide_on_tablet=&#8221;&#8221; hide_on_mobile=&#8221;&#8221;]<div id=\"sc_title_1584219684\"\r\n\t\tclass=\"sc_title color_style_default sc_title_default\"><h3 class=\"sc_item_title sc_title_title sc_align_center sc_item_title_style_default sc_item_title_tag\">Downloadable documents<\/h3><\/div><!-- \/.sc_title -->[vc_empty_space height=&#8221;35px&#8221; alter_height=&#8221;small&#8221; hide_on_desktop=&#8221;&#8221; hide_on_notebook=&#8221;&#8221; hide_on_tablet=&#8221;&#8221; hide_on_mobile=&#8221;&#8221;][vc_column_text]<\/p>\n<p style=\"text-align: center;\">Do not hesitate to contact us for more information on the services of our campsite in the Vaucluse.<\/p>\n<p>[\/vc_column_text][vc_empty_space height=&#8221;35px&#8221; alter_height=&#8221;small&#8221; hide_on_desktop=&#8221;&#8221; hide_on_notebook=&#8221;&#8221; hide_on_tablet=&#8221;&#8221; hide_on_mobile=&#8221;&#8221;]<div class=\"sc_item_button sc_button_wrap sc_align_center\"><a href=\"http:\/\/camping-avignon.fr\/wp-content\/uploads\/2023\/03\/avignon-camping-plan.pdf\" id=\"sc_button_1371051176\" class=\"sc_button color_style_default sc_button_default sc_button_size_normal sc_button_icon_left\" target=\"_blank\"><span class=\"sc_button_text sc_align_center\"><span class=\"sc_button_title\">Campsite map<\/span><\/span><!-- \/.sc_button_text --><\/a><!-- \/.sc_button --><\/div><!-- \/.sc_item_button --><div class=\"sc_item_button sc_button_wrap sc_align_center\"><a href=\"http:\/\/www.neat.eu\/camping\" id=\"sc_button_599933540\" class=\"sc_button color_style_default sc_button_default sc_button_size_normal sc_button_icon_left\" target=\"_blank\"><span class=\"sc_button_text sc_align_center\"><span class=\"sc_button_title\">Cancellation Insurance<\/span><\/span><!-- \/.sc_button_text --><\/a><!-- \/.sc_button --><\/div><!-- \/.sc_item_button --><div class=\"sc_item_button sc_button_wrap sc_align_center\"><a href=\"https:\/\/camping-avignon.fr\/en\/rules-of-procedure-camping-avignon\/\" id=\"sc_button_1156813660\" class=\"sc_button color_style_default sc_button_default sc_button_size_normal sc_button_icon_left\" target=\"_blank\"><span class=\"sc_button_text sc_align_center\"><span class=\"sc_button_title\">General Terms and Conditions<\/span><\/span><!-- \/.sc_button_text --><\/a><!-- \/.sc_button --><\/div><!-- \/.sc_item_button --><div class=\"sc_item_button sc_button_wrap sc_align_center\"><a href=\"#\" id=\"sc_button_1858741608\" class=\"sc_button color_style_default sc_button_default sc_button_size_normal sc_button_icon_left\" target=\"_blank\"><span class=\"sc_button_text sc_align_center\"><span class=\"sc_button_title\">The Campsite Brochure<\/span><\/span><!-- \/.sc_button_text --><\/a><!-- \/.sc_button --><\/div><!-- \/.sc_item_button -->[\/vc_column][\/vc_row][vc_row][vc_column icons_position=&#8221;left&#8221;][vc_empty_space alter_height=&#8221;none&#8221; hide_on_desktop=&#8221;&#8221; hide_on_notebook=&#8221;&#8221; hide_on_tablet=&#8221;&#8221; hide_on_mobile=&#8221;&#8221;][\/vc_column][\/vc_row]<\/p>\n<\/div>","protected":false},"excerpt":{"rendered":"<p>[vc_row][vc_column icons_position=&#8221;left&#8221;][vc_empty_space height=&#8221;22px&#8221; hide_on_desktop=&#8221;&#8221; hide_on_notebook=&#8221;&#8221; hide_on_tablet=&#8221;&#8221; hide_on_mobile=&#8221;&#8221;][vc_column_text] Need to relax in a pleasant and natural setting? Camping Les 2 Rh\u00f4ne by Lodges &amp; Nature is ideal for your vacationing! Situ\u00e9 \u00e0 Avignon en bord du Rh\u00f4ne, votre camping Les 2 Rh\u00f4ne vous accueille pour un s\u00e9jour de r\u00eave sur 3 hectares de verdure ombrag\u00e9.Located in Avignon on the banks of&hellip;<\/p>\n","protected":false},"author":1,"featured_media":0,"parent":0,"menu_order":0,"comment_status":"closed","ping_status":"closed","template":"","meta":{"footnotes":""},"class_list":["post-2670","page","type-page","status-publish","hentry"],"aioseo_notices":[],"_links":{"self":[{"href":"https:\/\/camping-avignon.fr\/en\/wp-json\/wp\/v2\/pages\/2670","targetHints":{"allow":["GET"]}}],"collection":[{"href":"https:\/\/camping-avignon.fr\/en\/wp-json\/wp\/v2\/pages"}],"about":[{"href":"https:\/\/camping-avignon.fr\/en\/wp-json\/wp\/v2\/types\/page"}],"author":[{"embeddable":true,"href":"https:\/\/camping-avignon.fr\/en\/wp-json\/wp\/v2\/users\/1"}],"replies":[{"embeddable":true,"href":"https:\/\/camping-avignon.fr\/en\/wp-json\/wp\/v2\/comments?post=2670"}],"version-history":[{"count":14,"href":"https:\/\/camping-avignon.fr\/en\/wp-json\/wp\/v2\/pages\/2670\/revisions"}],"predecessor-version":[{"id":3319,"href":"https:\/\/camping-avignon.fr\/en\/wp-json\/wp\/v2\/pages\/2670\/revisions\/3319"}],"wp:attachment":[{"href":"https:\/\/camping-avignon.fr\/en\/wp-json\/wp\/v2\/media?parent=2670"}],"curies":[{"name":"wp","href":"https:\/\/api.w.org\/{rel}","templated":true}]}}