{"id":2694,"date":"2017-12-25T16:30:19","date_gmt":"2017-12-25T15:30:19","guid":{"rendered":"https:\/\/camping-avignon.fr\/book-your-stay\/"},"modified":"2023-04-24T17:11:51","modified_gmt":"2023-04-24T15:11:51","slug":"book-your-stay","status":"publish","type":"page","link":"https:\/\/camping-avignon.fr\/en\/book-your-stay\/","title":{"rendered":"Book your stay"},"content":{"rendered":"<div class=\"wpb-content-wrapper\"><p>[vc_row][vc_column icons_position=&#8221;left&#8221;]<div id=\"sc_title_809816439\"\r\n\t\tclass=\"sc_title color_style_default sc_title_default  vc_custom_1667558963028\"><h5 class=\"sc_item_title sc_title_title sc_align_left sc_item_title_style_default sc_item_title_tag\">Merci de remplir ce formulaire de Demande de R\u00e9servation<\/h5><h3 class=\"sc_item_subtitle sc_title_subtitle sc_align_left sc_item_title_style_default\">Nous allons vous recontacter rapidement<\/h3><\/div><!-- \/.sc_title -->\n<div class=\"wpcf7 no-js\" id=\"wpcf7-f677-o1\" lang=\"fr-FR\" dir=\"ltr\" data-wpcf7-id=\"677\">\n<div class=\"screen-reader-response\"><p role=\"status\" aria-live=\"polite\" aria-atomic=\"true\"><\/p> <ul><\/ul><\/div>\n<form action=\"\/en\/wp-json\/wp\/v2\/pages\/2694#wpcf7-f677-o1\" method=\"post\" class=\"wpcf7-form init\" aria-label=\"Formulaire de contact\" novalidate=\"novalidate\" data-status=\"init\">\n<fieldset class=\"hidden-fields-container\"><input type=\"hidden\" name=\"_wpcf7\" value=\"677\" \/><input type=\"hidden\" name=\"_wpcf7_version\" value=\"6.1.5\" \/><input type=\"hidden\" name=\"_wpcf7_locale\" value=\"fr_FR\" \/><input type=\"hidden\" name=\"_wpcf7_unit_tag\" value=\"wpcf7-f677-o1\" \/><input type=\"hidden\" name=\"_wpcf7_container_post\" value=\"0\" \/><input type=\"hidden\" name=\"_wpcf7_posted_data_hash\" value=\"\" \/><input type=\"hidden\" name=\"_wpcf7_recaptcha_response\" value=\"\" \/>\n<\/fieldset>\n<div class=\"cf_columns light contact-form\">\n\t<div class=\"cf_column-1_4\">\n\t\t<p><label> Votre nom* <span class=\"wpcf7-form-control-wrap\" data-name=\"your-name\"><input size=\"40\" maxlength=\"400\" class=\"wpcf7-form-control wpcf7-text wpcf7-validates-as-required\" aria-required=\"true\" aria-invalid=\"false\" placeholder=\"Nom\" value=\"\" type=\"text\" name=\"your-name\" \/><\/span> <\/label>\n\t\t<\/p>\n\t<\/div>\n\t<div class=\"cf_column-1_4\">\n\t\t<p><label> Adresse <span class=\"wpcf7-form-control-wrap\" data-name=\"address\"><input size=\"40\" maxlength=\"400\" class=\"wpcf7-form-control wpcf7-text\" aria-invalid=\"false\" placeholder=\"123, Route du Bonheur\" value=\"\" type=\"text\" name=\"address\" \/><\/span> <\/label>\n\t\t<\/p>\n\t<\/div>\n\t<div class=\"cf_column-1_4\">\n\t\t<p><label> Ville <span class=\"wpcf7-form-control-wrap\" data-name=\"placeholder\"><input size=\"40\" maxlength=\"400\" class=\"wpcf7-form-control wpcf7-text\" aria-invalid=\"false\" value=\"Ville\" type=\"text\" name=\"placeholder\" \/><\/span> <\/label>\n\t\t<\/p>\n\t<\/div>\n\t<div class=\"cf_column-1_4\">\n\t\t<p><label> Your Email* <span class=\"wpcf7-form-control-wrap\" data-name=\"your-email\"><input size=\"40\" maxlength=\"400\" class=\"wpcf7-form-control wpcf7-email wpcf7-validates-as-required wpcf7-text wpcf7-validates-as-email\" aria-required=\"true\" aria-invalid=\"false\" placeholder=\"votreemail@info.com\" value=\"\" type=\"email\" name=\"your-email\" \/><\/span> <\/label>\n\t\t<\/p>\n\t<\/div>\n<\/div>\n<div class=\"cf_columns light contact-form\">\n\t<div class=\"cf_column-1_4\">\n\t\t<p><label> T\u00e9l. <span class=\"wpcf7-form-control-wrap\" data-name=\"phone-number\"><input size=\"40\" maxlength=\"400\" class=\"wpcf7-form-control wpcf7-text\" aria-invalid=\"false\" placeholder=\"+33 6 20 20 20 20\" value=\"\" type=\"text\" name=\"phone-number\" \/><\/span> <\/label>\n\t\t<\/p>\n\t<\/div>\n\t<div class=\"cf_column-1_4\">\n\t\t<p><label> Type de r\u00e9servation <span class=\"wpcf7-form-control-wrap\" data-name=\"reservation-type\"><select class=\"wpcf7-form-control wpcf7-select\" aria-invalid=\"false\" name=\"reservation-type\"><option value=\"Mobil-Home\">Mobil-Home<\/option><option value=\"Tente Lodge\">Tente Lodge<\/option><option value=\"Emplacement Tente\">Emplacement Tente<\/option><option value=\"Emplacement Camping Car\">Emplacement Camping Car<\/option><option value=\"Emplacement Caravane\">Emplacement Caravane<\/option><\/select><\/span> <\/label>\n\t\t<\/p>\n\t<\/div>\n\t<div class=\"cf_column-1_4\">\n\t\t<p><label> Nombre d'adultes <span class=\"wpcf7-form-control-wrap\" data-name=\"number-adults\"><input size=\"40\" maxlength=\"400\" class=\"wpcf7-form-control wpcf7-text\" aria-invalid=\"false\" placeholder=\"Cinq\" value=\"\" type=\"text\" name=\"number-adults\" \/><\/span> <\/label>\n\t\t<\/p>\n\t<\/div>\n\t<div class=\"cf_column-1_4\">\n\t\t<p><label> Nombre d'enfants <span class=\"wpcf7-form-control-wrap\" data-name=\"number-children\"><input size=\"40\" maxlength=\"400\" class=\"wpcf7-form-control wpcf7-text\" aria-invalid=\"false\" placeholder=\"Deux\" value=\"\" type=\"text\" name=\"number-children\" \/><\/span> <\/label>\n\t\t<\/p>\n\t<\/div>\n<\/div>\n<div class=\"cf_columns light contact-form\">\n\t<div class=\"cf_column-1_8\">\n\t\t<p><label> Arriv\u00e9e <span class=\"wpcf7-form-control-wrap\" data-name=\"check-in\"><input size=\"40\" maxlength=\"400\" class=\"wpcf7-form-control wpcf7-text datefield\" aria-invalid=\"false\" placeholder=\"Select\" value=\"\" type=\"text\" name=\"check-in\" \/><\/span> <\/label>\n\t\t<\/p>\n\t<\/div>\n\t<div class=\"cf_column-1_8\">\n\t\t<p><label> D\u00e9part <span class=\"wpcf7-form-control-wrap\" data-name=\"check-out\"><input size=\"40\" maxlength=\"400\" class=\"wpcf7-form-control wpcf7-text datefield\" aria-invalid=\"false\" placeholder=\"Select\" value=\"\" type=\"text\" name=\"check-out\" \/><\/span> <\/label>\n\t\t<\/p>\n\t<\/div>\n\t<div class=\"empty\">\n\t<\/div>\n\t<div class=\"cf_column-1_3\">\n\t\t<p><label> Comment vous avez connu Lodges & Nature ? <span class=\"wpcf7-form-control-wrap\" data-name=\"state\"><select class=\"wpcf7-form-control wpcf7-select\" aria-invalid=\"false\" name=\"state\"><option value=\"\">S\u00e9lectionner<\/option><option value=\"Facebook\">Facebook<\/option><option value=\"Google\">Google<\/option><option value=\"Un ami\">Un ami<\/option><option value=\"Autre\">Autre<\/option><\/select><\/span> <\/label>\n\t\t<\/p>\n\t<\/div>\n<\/div>\n<div class=\"cf_columns light contact-form\">\n\t<div class=\"cf_column-1_1\">\n\t\t<p><label> Votre message <span class=\"wpcf7-form-control-wrap\" data-name=\"your-comment\"><textarea cols=\"40\" rows=\"5\" maxlength=\"2000\" class=\"wpcf7-form-control wpcf7-textarea\" aria-invalid=\"false\" placeholder=\"Message\" name=\"your-comment\"><\/textarea><\/span><\/label>\n\t\t<\/p>\n\t<\/div>\n<\/div>\n<div class=\"cf_columns light contact-form\">\n\t<div class=\"cf_column-2_3\">\n\t<\/div>\n\t<div class=\"cf_column-1_4\" cf_column-button>\n\t\t<div class=\"empty\">\n\t\t<\/div>\n\t\t<p><input class=\"wpcf7-form-control wpcf7-submit has-spinner\" type=\"submit\" value=\"Envoyez votre demande\" \/>\n\t\t<\/p>\n\t<\/div>\n\t<div class=\"sc_align_center agree\">\n\t\t<p><span class=\"wpcf7-form-control-wrap\" data-name=\"acceptance-620\"><span class=\"wpcf7-form-control wpcf7-acceptance\"><span class=\"wpcf7-list-item\"><label><input type=\"checkbox\" name=\"acceptance-620\" value=\"1\" aria-invalid=\"false\" \/><span class=\"wpcf7-list-item-label\">J'accepte que mes donn\u00e9es soumises soient collect\u00e9es et stock\u00e9es.<\/span><\/label><\/span><\/span><\/span>\n\t\t<\/p>\n\t<\/div>\n\t<div class=\"cf_column-2_3\">\n\t<\/div>\n<\/div><input type='hidden' class='wpcf7-pum' value='{\"closepopup\":false,\"closedelay\":0,\"openpopup\":false,\"openpopup_id\":0}' \/><div class=\"wpcf7-response-output\" aria-hidden=\"true\"><\/div>\n<\/form>\n<\/div>\n[vc_empty_space height=&#8221;6.8vw&#8221; alter_height=&#8221;none&#8221; hide_on_desktop=&#8221;&#8221; hide_on_notebook=&#8221;&#8221; hide_on_tablet=&#8221;&#8221; hide_on_mobile=&#8221;&#8221;][\/vc_column][\/vc_row][vc_row full_width=&#8221;stretch_row&#8221; hide_bg_image_on_tablet=&#8221;&#8221; hide_bg_image_on_mobile=&#8221;&#8221; css=&#8221;.vc_custom_1526029340524{background-image: url(http:\/\/camping-avignon.fr\/wp-content\/uploads\/2017\/12\/bg-8d-copyright.jpg?id=597) !important;background-position: center !important;background-repeat: no-repeat !important;background-size: cover !important;}&#8221;][vc_column icons_position=&#8221;left&#8221;][vc_empty_space height=&#8221;10.8vw&#8221; alter_height=&#8221;none&#8221; hide_on_desktop=&#8221;&#8221; hide_on_notebook=&#8221;&#8221; hide_on_tablet=&#8221;&#8221; hide_on_mobile=&#8221;&#8221;]<div  id=\"sc_action_1420055175\" \r\n\tclass=\"sc_action color_style_default scheme_dark sc_action_default\"><div class=\"sc_action_content sc_item_content\"><div class=\"sc_action_item sc_action_item_default sc_action_item_mc\">\r\n\t\t\t<h6 class=\"sc_action_item_subtitle\"><span>A deux pas du Palais des Papes<\/span><\/h6><h3 class=\"sc_action_item_title\"><span>Passez un Week-end<\/span><span><\/span><span>Romantique<\/span><\/h3><div class=\"sc_action_item_description\"><span>Si vous et votre partenaire \u00eates du genre \u00e0 aimer les grands espaces, visitez<\/span><span><\/span><span>notre camping et b\u00e9n\u00e9ficiez de -10\u00a0% de r\u00e9duction\u00a0!<\/span><\/div><a href=\"\/#\/\" class=\"sc_action_item_link sc_button sc_button_size_medium\">R\u00e9servez maintenant<\/a><div class=\"sc_action_item_info\"><span>Remise<\/span><span><\/span><span>-10%<\/span><\/div><\/div><\/div><\/div><!-- \/.sc_action -->[vc_empty_space height=&#8221;9vw&#8221; alter_height=&#8221;none&#8221; hide_on_desktop=&#8221;&#8221; hide_on_notebook=&#8221;&#8221; hide_on_tablet=&#8221;&#8221; hide_on_mobile=&#8221;&#8221;][\/vc_column][\/vc_row]<\/p>\n<\/div>","protected":false},"excerpt":{"rendered":"<p>[vc_row][vc_column icons_position=&#8221;left&#8221;][vc_empty_space height=&#8221;6.8vw&#8221; alter_height=&#8221;none&#8221; hide_on_desktop=&#8221;&#8221; hide_on_notebook=&#8221;&#8221; hide_on_tablet=&#8221;&#8221; hide_on_mobile=&#8221;&#8221;][\/vc_column][\/vc_row][vc_row full_width=&#8221;stretch_row&#8221; hide_bg_image_on_tablet=&#8221;&#8221; hide_bg_image_on_mobile=&#8221;&#8221; css=&#8221;.vc_custom_1526029340524{background-image: url(http:\/\/camping-avignon.fr\/wp-content\/uploads\/2017\/12\/bg-8d-copyright.jpg?id=597) !important;background-position: center !important;background-repeat: no-repeat !important;background-size: cover !important;}&#8221;][vc_column icons_position=&#8221;left&#8221;][vc_empty_space height=&#8221;10.8vw&#8221; alter_height=&#8221;none&#8221; hide_on_desktop=&#8221;&#8221; hide_on_notebook=&#8221;&#8221; hide_on_tablet=&#8221;&#8221; hide_on_mobile=&#8221;&#8221;][vc_empty_space height=&#8221;9vw&#8221; alter_height=&#8221;none&#8221; hide_on_desktop=&#8221;&#8221; hide_on_notebook=&#8221;&#8221; hide_on_tablet=&#8221;&#8221; hide_on_mobile=&#8221;&#8221;][\/vc_column][\/vc_row]<\/p>\n","protected":false},"author":1,"featured_media":0,"parent":0,"menu_order":0,"comment_status":"closed","ping_status":"closed","template":"","meta":{"footnotes":""},"class_list":["post-2694","page","type-page","status-publish","hentry"],"aioseo_notices":[],"_links":{"self":[{"href":"https:\/\/camping-avignon.fr\/en\/wp-json\/wp\/v2\/pages\/2694","targetHints":{"allow":["GET"]}}],"collection":[{"href":"https:\/\/camping-avignon.fr\/en\/wp-json\/wp\/v2\/pages"}],"about":[{"href":"https:\/\/camping-avignon.fr\/en\/wp-json\/wp\/v2\/types\/page"}],"author":[{"embeddable":true,"href":"https:\/\/camping-avignon.fr\/en\/wp-json\/wp\/v2\/users\/1"}],"replies":[{"embeddable":true,"href":"https:\/\/camping-avignon.fr\/en\/wp-json\/wp\/v2\/comments?post=2694"}],"version-history":[{"count":1,"href":"https:\/\/camping-avignon.fr\/en\/wp-json\/wp\/v2\/pages\/2694\/revisions"}],"predecessor-version":[{"id":2695,"href":"https:\/\/camping-avignon.fr\/en\/wp-json\/wp\/v2\/pages\/2694\/revisions\/2695"}],"wp:attachment":[{"href":"https:\/\/camping-avignon.fr\/en\/wp-json\/wp\/v2\/media?parent=2694"}],"curies":[{"name":"wp","href":"https:\/\/api.w.org\/{rel}","templated":true}]}}